{"id":2674,"date":"2022-07-16T15:53:49","date_gmt":"2022-07-16T15:53:49","guid":{"rendered":"https:\/\/gomde-1.eu\/?page_id=2674"},"modified":"2023-07-03T01:38:48","modified_gmt":"2023-07-02T23:38:48","slug":"legal-notice","status":"publish","type":"page","link":"https:\/\/gomde.eu\/en\/legal-notice\/","title":{"rendered":"Legal Notice"},"content":{"rendered":"\t\t<div data-elementor-type=\"wp-page\" data-elementor-id=\"2674\" class=\"elementor elementor-2674\" data-elementor-post-type=\"page\">\n\t\t\t\t\t\t<section class=\"elementor-section elementor-top-section elementor-element elementor-element-3849286 elementor-section-boxed elementor-section-height-default elementor-section-height-default\" data-id=\"3849286\" data-element_type=\"section\" data-e-type=\"section\">\n\t\t\t\t\t\t<div class=\"elementor-container elementor-column-gap-default\">\n\t\t\t\t\t<div class=\"elementor-column elementor-col-100 elementor-top-column elementor-element elementor-element-a63f96f\" data-id=\"a63f96f\" data-element_type=\"column\" data-e-type=\"column\">\n\t\t\t<div class=\"elementor-widget-wrap elementor-element-populated\">\n\t\t\t\t\t\t<div class=\"elementor-element elementor-element-ee58f4e elementor-widget__width-initial elementor-widget elementor-widget-text-editor\" data-id=\"ee58f4e\" data-element_type=\"widget\" data-e-type=\"widget\" data-widget_type=\"text-editor.default\">\n\t\t\t\t<div class=\"elementor-widget-container\">\n\t\t\t\t\t\t\t\t\t<h2><strong>Contact:<\/strong><\/h2>\n<p>Rangjung Yeshe Gomde Austria<br><span style=\"font-style: inherit; font-weight: inherit; color: var( --e-global-color-text ); font-family: var( --e-global-typography-text-font-family ), Sans-serif; background-color: var(--ast-global-color-5); text-align: var(--bs-body-text-align);\">Guth zu Rath, B\u00e4ckerberg 18<br><\/span><span style=\"font-style: inherit; font-weight: inherit; color: var( --e-global-color-text ); font-family: var( --e-global-typography-text-font-family ), Sans-serif; background-color: var(--ast-global-color-5); text-align: var(--bs-body-text-align);\">4644 Scharnstein, \u00d6sterreich<\/span><\/p><p>Phone: +43(0)650-9999 208<br>Email:&nbsp;<a href=\"mailto:info@gomde.eu\">info@gomde.eu<\/a><br>Website:&nbsp;<a href=\"http:\/\/www.gomde.eu\/\">www.gomde.eu<\/a><\/p>\n<p><strong>Owner:<\/strong><br><b>Rangjung Yeshe Gomde Austria<\/b><br>Verein zur F\u00f6rderung Tibetisch-Buddhistischer Kultur<br>Scharnstein, \u00d6sterreich<br><b>Gomde-Stiftung<\/b><br>f\u00fcr Tibetisch-Buddhistische Studien und Meditation<br>Wuppertal, Deutschland<\/p>\n<p>Donate:<br>Rangjung Yeshe Gomde Austria<br>IBAN: AT203412780200111336 BIC: RZOOAT2L127<\/p>\n<p><strong>FRIENDS OF GOMDE<\/strong><\/p>\n<p><strong>Friends of Gomde Austria<\/strong><br><a href=\"mailto:friends@gomde.at\">friends@gomde.at<\/a><br><strong>Phone:<\/strong>&nbsp;+49(0)2022549452 Raiffeisenbank Scharnstein<br><strong>IBAN:<\/strong>&nbsp;AT733412780100111336&nbsp;<strong>BIC:<\/strong>&nbsp;RZOOAT2L127<\/p>\n<p><strong>Rangjung Yeshe Gomde Deutschland &amp; Friends of Gomde Germany<\/strong><br><a href=\"mailto:friends@gomde.de\">friends@gomde.de<\/a><br>Bank f\u00fcr Sozialwirtschaft<br><strong>BIC:<\/strong>&nbsp;BFSWDE33XXX<br><strong>IBAN:<\/strong>&nbsp;DE\u200979370205000008328100<\/p>\t\t\t\t\t\t\t\t<\/div>\n\t\t\t\t<\/div>\n\t\t\t\t\t<\/div>\n\t\t<\/div>\n\t\t\t\t\t<\/div>\n\t\t<\/section>\n\t\t\t\t<\/div>\n\t\t","protected":false},"excerpt":{"rendered":"<p>Contact: Rangjung Yeshe Gomde AustriaGuth zu Rath, B\u00e4ckerberg 184644 Scharnstein, \u00d6sterreich Phone: +43(0)650-9999 208Email:&nbsp;info@gomde.euWebsite:&nbsp;www.gomde.eu Owner:Rangjung Yeshe Gomde AustriaVerein zur F\u00f6rderung Tibetisch-Buddhistischer KulturScharnstein, \u00d6sterreichGomde-Stiftungf\u00fcr Tibetisch-Buddhistische Studien und MeditationWuppertal, Deutschland Donate:Rangjung Yeshe [&hellip;]<\/p>\n","protected":false},"author":1,"featured_media":0,"parent":0,"menu_order":0,"comment_status":"closed","ping_status":"closed","template":"","meta":{"_acf_changed":false,"site-sidebar-layout":"no-sidebar","site-content-layout":"page-builder","ast-site-content-layout":"default","site-content-style":"default","site-sidebar-style":"default","ast-global-header-display":"","ast-banner-title-visibility":"","ast-main-header-display":"","ast-hfb-above-header-display":"","ast-hfb-below-header-display":"","ast-hfb-mobile-header-display":"","site-post-title":"disabled","ast-breadcrumbs-content":"","ast-featured-img":"disabled","footer-sml-layout":"","ast-disable-related-posts":"","theme-transparent-header-meta":"","adv-header-id-meta":"","stick-header-meta":"","header-above-stick-meta":"","header-main-stick-meta":"","header-below-stick-meta":"","astra-migrate-meta-layouts":"default","ast-page-background-enabled":"default","ast-page-background-meta":{"desktop":{"background-color":"var(--ast-global-color-4)","background-image":"","background-repeat":"repeat","background-position":"center center","background-size":"auto","background-attachment":"scroll","background-type":"","background-media":"","overlay-type":"","overlay-color":"","overlay-opacity":"","overlay-gradient":""},"tablet":{"background-color":"","background-image":"","background-repeat":"repeat","background-position":"center center","background-size":"auto","background-attachment":"scroll","background-type":"","background-media":"","overlay-type":"","overlay-color":"","overlay-opacity":"","overlay-gradient":""},"mobile":{"background-color":"","background-image":"","background-repeat":"repeat","background-position":"center center","background-size":"auto","background-attachment":"scroll","background-type":"","background-media":"","overlay-type":"","overlay-color":"","overlay-opacity":"","overlay-gradient":""}},"ast-content-background-meta":{"desktop":{"background-color":"var(--ast-global-color-5)","background-image":"","background-repeat":"repeat","background-position":"center center","background-size":"auto","background-attachment":"scroll","background-type":"","background-media":"","overlay-type":"","overlay-color":"","overlay-opacity":"","overlay-gradient":""},"tablet":{"background-color":"var(--ast-global-color-5)","background-image":"","background-repeat":"repeat","background-position":"center center","background-size":"auto","background-attachment":"scroll","background-type":"","background-media":"","overlay-type":"","overlay-color":"","overlay-opacity":"","overlay-gradient":""},"mobile":{"background-color":"var(--ast-global-color-5)","background-image":"","background-repeat":"repeat","background-position":"center center","background-size":"auto","background-attachment":"scroll","background-type":"","background-media":"","overlay-type":"","overlay-color":"","overlay-opacity":"","overlay-gradient":""}},"footnotes":""},"class_list":["post-2674","page","type-page","status-publish","hentry"],"acf":[],"_links":{"self":[{"href":"https:\/\/gomde.eu\/en\/wp-json\/wp\/v2\/pages\/2674","targetHints":{"allow":["GET"]}}],"collection":[{"href":"https:\/\/gomde.eu\/en\/wp-json\/wp\/v2\/pages"}],"about":[{"href":"https:\/\/gomde.eu\/en\/wp-json\/wp\/v2\/types\/page"}],"author":[{"embeddable":true,"href":"https:\/\/gomde.eu\/en\/wp-json\/wp\/v2\/users\/1"}],"replies":[{"embeddable":true,"href":"https:\/\/gomde.eu\/en\/wp-json\/wp\/v2\/comments?post=2674"}],"version-history":[{"count":0,"href":"https:\/\/gomde.eu\/en\/wp-json\/wp\/v2\/pages\/2674\/revisions"}],"wp:attachment":[{"href":"https:\/\/gomde.eu\/en\/wp-json\/wp\/v2\/media?parent=2674"}],"curies":[{"name":"wp","href":"https:\/\/api.w.org\/{rel}","templated":true}]}}